{"id":5271,"date":"2025-07-08T10:54:07","date_gmt":"2025-07-08T15:54:07","guid":{"rendered":"https:\/\/delafuentebrand.com\/?post_type=product&#038;p=5271"},"modified":"2026-01-26T12:14:09","modified_gmt":"2026-01-26T17:14:09","slug":"duo-summer-nights-97-dlf-candle-home-parfum","status":"publish","type":"product","link":"https:\/\/delafuentebrand.com\/?product=duo-summer-nights-97-dlf-candle-home-parfum","title":{"rendered":"SUMMER NIGHTS 97 &#8211; DLF Candle + Home Parfum."},"content":{"rendered":"","protected":false},"excerpt":{"rendered":"<p><b>BERGAMOTA, PIMIENTA &amp; HOJAS DE CAMELLIA.<\/b><\/p>\n<p>Cuando el sol se retira y la noche a\u00fan guarda su calidez, aparece el perfume vibrante y fresco de la <em>Bergamota.\u00a0<\/em>La <em>Pimienta<\/em> revela su car\u00e1cter audaz, mientras las <em>Hojas de Camellia<\/em>, traen una brisa c\u00e1lida que vuelve todo m\u00e1s liviano, m\u00e1s fresco y m\u00e1s divertido. <strong>That&#8217;s Summer Nights. Un verano que nunca se olvida.<\/strong><\/p>\n","protected":false},"featured_media":5273,"comment_status":"open","ping_status":"closed","template":"","meta":{"_acf_changed":false,"site-sidebar-layout":"default","site-content-layout":"content-boxed-container","ast-site-content-layout":"normal-width-container","site-content-style":"boxed","site-sidebar-style":"unboxed","ast-global-header-display":"","ast-banner-title-visibility":"","ast-main-header-display":"disabled","ast-hfb-above-header-display":"","ast-hfb-below-header-display":"","ast-hfb-mobile-header-display":"disabled","site-post-title":"disabled","ast-breadcrumbs-content":"","ast-featured-img":"","footer-sml-layout":"","theme-transparent-header-meta":"default","adv-header-id-meta":"","stick-header-meta":"","header-above-stick-meta":"","header-main-stick-meta":"","header-below-stick-meta":"","astra-migrate-meta-layouts":"set","ast-page-background-enabled":"default","ast-page-background-meta":{"desktop":{"background-color":"var(--ast-global-color-4)","background-image":"","background-repeat":"repeat","background-position":"center center","background-size":"auto","background-attachment":"scroll","background-type":"","background-media":"","overlay-type":"","overlay-color":"","overlay-opacity":"","overlay-gradient":""},"tablet":{"background-color":"","background-image":"","background-repeat":"repeat","background-position":"center center","background-size":"auto","background-attachment":"scroll","background-type":"","background-media":"","overlay-type":"","overlay-color":"","overlay-opacity":"","overlay-gradient":""},"mobile":{"background-color":"","background-image":"","background-repeat":"repeat","background-position":"center center","background-size":"auto","background-attachment":"scroll","background-type":"","background-media":"","overlay-type":"","overlay-color":"","overlay-opacity":"","overlay-gradient":""}},"ast-content-background-meta":{"desktop":{"background-color":"var(--ast-global-color-5)","background-image":"","background-repeat":"repeat","background-position":"center center","background-size":"auto","background-attachment":"scroll","background-type":"","background-media":"","overlay-type":"","overlay-color":"","overlay-opacity":"","overlay-gradient":""},"tablet":{"background-color":"var(--ast-global-color-5)","background-image":"","background-repeat":"repeat","background-position":"center center","background-size":"auto","background-attachment":"scroll","background-type":"","background-media":"","overlay-type":"","overlay-color":"","overlay-opacity":"","overlay-gradient":""},"mobile":{"background-color":"var(--ast-global-color-5)","background-image":"","background-repeat":"repeat","background-position":"center center","background-size":"auto","background-attachment":"scroll","background-type":"","background-media":"","overlay-type":"","overlay-color":"","overlay-opacity":"","overlay-gradient":""}},"_joinchat":[]},"product_cat":[72],"product_tag":[],"class_list":{"0":"post-5271","1":"product","2":"type-product","3":"status-publish","4":"has-post-thumbnail","6":"product_cat-dlf-home-parfums","7":"desktop-align-left","8":"tablet-align-left","9":"mobile-align-left","11":"first","12":"instock","13":"shipping-taxable","14":"purchasable","15":"product-type-simple"},"acf":{"beneficios":"<p class=\"p1\">Con tu DLF Candle encendida y un par de atomizaciones del HOME-PARFUM, siente c\u00f3mo la frescura y la vitalidad elevan la atmosfera de tu casa.<\/p>","good_to_kwon":"<ul>\r\n \t<li>C\u00edtrico \/ Floral \/ Especiado.<\/li>\r\n \t<li>F\u00f3rmula genderless.<\/li>\r\n \t<li>HOME-PARFUM | 100 mL \/ 3.4 fl. oz.<\/li>\r\n \t<li>DLF Candle | 250 gr \/ 8.8 oz.<\/li>\r\n \t<li>El tiempo ideal que tu DLF Candle debe estar encendida es de 3 a 4 horas.<\/li>\r\n \t<li>Libre de parabenos y ftalatos.<\/li>\r\n \t<li><strong>'CLEAN SCENT'<\/strong>, aprobada por RIFM <em>(Research Institute for Fragance Materials)<\/em>. La autoridad cient\u00edfica a nivel internacional para el uso y la seguridad de las fragancias.<\/li>\r\n<\/ul>","consejos_de_utilizacion":"<ul>\r\n \t<li><span class=\"s1\">Aplicar en las ma\u00f1anas y\/o noches en tu espacio favorito.\u00a0<\/span><\/li>\r\n \t<li>Uso exclusivo en interiores.<\/li>\r\n \t<li>Evitar contacto con ojos y piel.<\/li>\r\n \t<li>No ingerir.<\/li>\r\n \t<li>Inflamable.<\/li>\r\n \t<li>Mantener fuera del alcance de ni\u00f1os y mascotas.<\/li>\r\n \t<li>Evitar rociar directamente sobre superficies delicadas.<\/li>\r\n<\/ul>\r\nPara la DLF Candle <strong>sigue las instrucciones<\/strong> de<em> 'encendido y quemado'<\/em> que encontrar\u00e1s en su caja."},"jetpack_sharing_enabled":true,"_links":{"self":[{"href":"https:\/\/delafuentebrand.com\/index.php?rest_route=\/wp\/v2\/product\/5271","targetHints":{"allow":["GET"]}}],"collection":[{"href":"https:\/\/delafuentebrand.com\/index.php?rest_route=\/wp\/v2\/product"}],"about":[{"href":"https:\/\/delafuentebrand.com\/index.php?rest_route=\/wp\/v2\/types\/product"}],"replies":[{"embeddable":true,"href":"https:\/\/delafuentebrand.com\/index.php?rest_route=%2Fwp%2Fv2%2Fcomments&post=5271"}],"version-history":[{"count":9,"href":"https:\/\/delafuentebrand.com\/index.php?rest_route=\/wp\/v2\/product\/5271\/revisions"}],"predecessor-version":[{"id":5504,"href":"https:\/\/delafuentebrand.com\/index.php?rest_route=\/wp\/v2\/product\/5271\/revisions\/5504"}],"wp:featuredmedia":[{"embeddable":true,"href":"https:\/\/delafuentebrand.com\/index.php?rest_route=\/wp\/v2\/media\/5273"}],"wp:attachment":[{"href":"https:\/\/delafuentebrand.com\/index.php?rest_route=%2Fwp%2Fv2%2Fmedia&parent=5271"}],"wp:term":[{"taxonomy":"product_cat","embeddable":true,"href":"https:\/\/delafuentebrand.com\/index.php?rest_route=%2Fwp%2Fv2%2Fproduct_cat&post=5271"},{"taxonomy":"product_tag","embeddable":true,"href":"https:\/\/delafuentebrand.com\/index.php?rest_route=%2Fwp%2Fv2%2Fproduct_tag&post=5271"}],"curies":[{"name":"wp","href":"https:\/\/api.w.org\/{rel}","templated":true}]}}