{"id":5172,"date":"2025-07-04T17:07:10","date_gmt":"2025-07-04T22:07:10","guid":{"rendered":"https:\/\/delafuentebrand.com\/?post_type=product&#038;p=5172"},"modified":"2026-04-09T14:35:23","modified_gmt":"2026-04-09T19:35:23","slug":"nueva-vida-22-home-parfum","status":"publish","type":"product","link":"https:\/\/delafuentebrand.com\/?product=nueva-vida-22-home-parfum","title":{"rendered":"NUEVA VIDA 22 &#8211; Home Parfum."},"content":{"rendered":"","protected":false},"excerpt":{"rendered":"<p><b>GARDENIA, NARDOS &amp; PETITGRAIN.<\/b><\/p>\n<p data-start=\"1202\" data-end=\"1222\">Cuando te das permiso de volver a empezar, nuevas puertas se abren; cuando esas puertas se abren, todo se renueva. <em>Are you ready?\u00a0<\/em>Es momento de abrirle paso a tu <strong>NUEVA VIDA. <\/strong><em>Splash, respira, repite.<\/em><\/p>\n","protected":false},"featured_media":5173,"comment_status":"open","ping_status":"closed","template":"","meta":{"_acf_changed":false,"site-sidebar-layout":"default","site-content-layout":"content-boxed-container","ast-site-content-layout":"normal-width-container","site-content-style":"boxed","site-sidebar-style":"unboxed","ast-global-header-display":"","ast-banner-title-visibility":"","ast-main-header-display":"disabled","ast-hfb-above-header-display":"","ast-hfb-below-header-display":"","ast-hfb-mobile-header-display":"disabled","site-post-title":"disabled","ast-breadcrumbs-content":"","ast-featured-img":"","footer-sml-layout":"","theme-transparent-header-meta":"default","adv-header-id-meta":"","stick-header-meta":"","header-above-stick-meta":"","header-main-stick-meta":"","header-below-stick-meta":"","astra-migrate-meta-layouts":"set","ast-page-background-enabled":"default","ast-page-background-meta":{"desktop":{"background-color":"var(--ast-global-color-4)","background-image":"","background-repeat":"repeat","background-position":"center center","background-size":"auto","background-attachment":"scroll","background-type":"","background-media":"","overlay-type":"","overlay-color":"","overlay-opacity":"","overlay-gradient":""},"tablet":{"background-color":"","background-image":"","background-repeat":"repeat","background-position":"center center","background-size":"auto","background-attachment":"scroll","background-type":"","background-media":"","overlay-type":"","overlay-color":"","overlay-opacity":"","overlay-gradient":""},"mobile":{"background-color":"","background-image":"","background-repeat":"repeat","background-position":"center center","background-size":"auto","background-attachment":"scroll","background-type":"","background-media":"","overlay-type":"","overlay-color":"","overlay-opacity":"","overlay-gradient":""}},"ast-content-background-meta":{"desktop":{"background-color":"var(--ast-global-color-5)","background-image":"","background-repeat":"repeat","background-position":"center center","background-size":"auto","background-attachment":"scroll","background-type":"","background-media":"","overlay-type":"","overlay-color":"","overlay-opacity":"","overlay-gradient":""},"tablet":{"background-color":"var(--ast-global-color-5)","background-image":"","background-repeat":"repeat","background-position":"center center","background-size":"auto","background-attachment":"scroll","background-type":"","background-media":"","overlay-type":"","overlay-color":"","overlay-opacity":"","overlay-gradient":""},"mobile":{"background-color":"var(--ast-global-color-5)","background-image":"","background-repeat":"repeat","background-position":"center center","background-size":"auto","background-attachment":"scroll","background-type":"","background-media":"","overlay-type":"","overlay-color":"","overlay-opacity":"","overlay-gradient":""}},"_joinchat":[]},"product_cat":[72],"product_tag":[],"class_list":{"0":"post-5172","1":"product","2":"type-product","3":"status-publish","4":"has-post-thumbnail","6":"product_cat-dlf-home-parfums","7":"desktop-align-left","8":"tablet-align-left","9":"mobile-align-left","11":"first","12":"instock","13":"shipping-taxable","14":"purchasable","15":"product-type-simple"},"acf":{"beneficios":"<p class=\"p1\">Las hojas y las ramas del naranjo amargo <em>(petitgrain)<\/em> aportan un aire de nuevos comienzos; mientras la gardenia y los nardos, har\u00e1n que la atm\u00f3sfera se sienta en calma. Una f\u00f3rmula jugosa que llenar\u00e1 tus espacios de <strong>armon\u00eda revitalizante.\u00a0<\/strong><\/p>","good_to_kwon":"<ul>\r\n \t<li>Floral \/ C\u00edtrica.<\/li>\r\n \t<li>F\u00f3rmula genderless.<\/li>\r\n \t<li>100 mL \/ 3.4 fl. oz.<\/li>\r\n \t<li>Libre de parabenos y ftalatos.<\/li>\r\n \t<li><strong>'CLEAN SCENT'<\/strong>, aprobada por RIFM <em>(Research Institute for Fragance Materials)<\/em>. La autoridad cient\u00edfica a nivel internacional para el uso y la seguridad de las fragancias.<\/li>\r\n<\/ul>","consejos_de_utilizacion":"<ul>\r\n \t<li class=\"p1\"><span class=\"s1\">Aplicar en las ma\u00f1anas y\/o noches en tu espacio favorito.\u00a0<\/span><\/li>\r\n \t<li>Uso exclusivo en interiores.<\/li>\r\n \t<li>Evitar contacto con ojos y piel.<\/li>\r\n \t<li>No ingerir.<\/li>\r\n \t<li>Inflamable.<\/li>\r\n \t<li>Mantener fuera del alcance de ni\u00f1os y mascotas.<\/li>\r\n \t<li>Evitar rociar directamente sobre superficies delicadas.<\/li>\r\n<\/ul>"},"jetpack_sharing_enabled":true,"_links":{"self":[{"href":"https:\/\/delafuentebrand.com\/index.php?rest_route=\/wp\/v2\/product\/5172","targetHints":{"allow":["GET"]}}],"collection":[{"href":"https:\/\/delafuentebrand.com\/index.php?rest_route=\/wp\/v2\/product"}],"about":[{"href":"https:\/\/delafuentebrand.com\/index.php?rest_route=\/wp\/v2\/types\/product"}],"replies":[{"embeddable":true,"href":"https:\/\/delafuentebrand.com\/index.php?rest_route=%2Fwp%2Fv2%2Fcomments&post=5172"}],"version-history":[{"count":2,"href":"https:\/\/delafuentebrand.com\/index.php?rest_route=\/wp\/v2\/product\/5172\/revisions"}],"predecessor-version":[{"id":5185,"href":"https:\/\/delafuentebrand.com\/index.php?rest_route=\/wp\/v2\/product\/5172\/revisions\/5185"}],"wp:featuredmedia":[{"embeddable":true,"href":"https:\/\/delafuentebrand.com\/index.php?rest_route=\/wp\/v2\/media\/5173"}],"wp:attachment":[{"href":"https:\/\/delafuentebrand.com\/index.php?rest_route=%2Fwp%2Fv2%2Fmedia&parent=5172"}],"wp:term":[{"taxonomy":"product_cat","embeddable":true,"href":"https:\/\/delafuentebrand.com\/index.php?rest_route=%2Fwp%2Fv2%2Fproduct_cat&post=5172"},{"taxonomy":"product_tag","embeddable":true,"href":"https:\/\/delafuentebrand.com\/index.php?rest_route=%2Fwp%2Fv2%2Fproduct_tag&post=5172"}],"curies":[{"name":"wp","href":"https:\/\/api.w.org\/{rel}","templated":true}]}}