{"id":3972,"date":"2024-10-30T16:29:43","date_gmt":"2024-10-30T21:29:43","guid":{"rendered":"https:\/\/delafuentebrand.com\/?post_type=product&#038;p=3972"},"modified":"2025-12-04T12:35:42","modified_gmt":"2025-12-04T17:35:42","slug":"la-cosecha-92-personalizada","status":"publish","type":"product","link":"https:\/\/delafuentebrand.com\/?product=la-cosecha-92-personalizada","title":{"rendered":"LA COSECHA 92 &#8211; Personalizada."},"content":{"rendered":"","protected":false},"excerpt":{"rendered":"<p><strong>HOJAS DE TOMATE, MUSGO &amp; CEDRO.<\/strong><\/p>\n<p>Est\u00e1s en un jard\u00edn perfumado. El roc\u00edo del amanecer despierta el aroma verdoso y profundo de las <em>Hojas de Tomate. <\/em>Mientras tanto, la terrosidad del <em>Musgo <\/em>y la sofisticaci\u00f3n del <em>Cedro<\/em>, te recuerdan que hay cosas que s\u00f3lo el tiempo y la constancia, pueden revelar.<\/p>\n<p>Un d\u00eda a la vez, un paso a la vez, hasta llegar a tu momentum <strong>&amp;\u00a0recoger tu cosecha.<\/strong><\/p>\n","protected":false},"featured_media":4445,"comment_status":"open","ping_status":"closed","template":"","meta":{"_acf_changed":false,"site-sidebar-layout":"default","site-content-layout":"content-boxed-container","ast-site-content-layout":"normal-width-container","site-content-style":"boxed","site-sidebar-style":"unboxed","ast-global-header-display":"","ast-banner-title-visibility":"","ast-main-header-display":"disabled","ast-hfb-above-header-display":"","ast-hfb-below-header-display":"","ast-hfb-mobile-header-display":"disabled","site-post-title":"disabled","ast-breadcrumbs-content":"","ast-featured-img":"","footer-sml-layout":"","theme-transparent-header-meta":"default","adv-header-id-meta":"","stick-header-meta":"","header-above-stick-meta":"","header-main-stick-meta":"","header-below-stick-meta":"","astra-migrate-meta-layouts":"set","ast-page-background-enabled":"default","ast-page-background-meta":{"desktop":{"background-color":"var(--ast-global-color-4)","background-image":"","background-repeat":"repeat","background-position":"center center","background-size":"auto","background-attachment":"scroll","background-type":"","background-media":"","overlay-type":"","overlay-color":"","overlay-opacity":"","overlay-gradient":""},"tablet":{"background-color":"","background-image":"","background-repeat":"repeat","background-position":"center center","background-size":"auto","background-attachment":"scroll","background-type":"","background-media":"","overlay-type":"","overlay-color":"","overlay-opacity":"","overlay-gradient":""},"mobile":{"background-color":"","background-image":"","background-repeat":"repeat","background-position":"center center","background-size":"auto","background-attachment":"scroll","background-type":"","background-media":"","overlay-type":"","overlay-color":"","overlay-opacity":"","overlay-gradient":""}},"ast-content-background-meta":{"desktop":{"background-color":"var(--ast-global-color-5)","background-image":"","background-repeat":"repeat","background-position":"center center","background-size":"auto","background-attachment":"scroll","background-type":"","background-media":"","overlay-type":"","overlay-color":"","overlay-opacity":"","overlay-gradient":""},"tablet":{"background-color":"var(--ast-global-color-5)","background-image":"","background-repeat":"repeat","background-position":"center center","background-size":"auto","background-attachment":"scroll","background-type":"","background-media":"","overlay-type":"","overlay-color":"","overlay-opacity":"","overlay-gradient":""},"mobile":{"background-color":"var(--ast-global-color-5)","background-image":"","background-repeat":"repeat","background-position":"center center","background-size":"auto","background-attachment":"scroll","background-type":"","background-media":"","overlay-type":"","overlay-color":"","overlay-opacity":"","overlay-gradient":""}},"_joinchat":[]},"product_cat":[45,44],"product_tag":[],"class_list":{"0":"post-3972","1":"product","2":"type-product","3":"status-publish","4":"has-post-thumbnail","6":"product_cat-velas-perfumadas","7":"product_cat-on-my-road","8":"desktop-align-left","9":"tablet-align-left","10":"mobile-align-left","12":"first","13":"outofstock","14":"shipping-taxable","15":"purchasable","16":"product-type-simple"},"acf":{"beneficios":"<ul class=\"ul1\">\r\n \t<li class=\"li1\"><span class=\"s2\" style=\"color: #333333;\">Familia olfativa herbal \/ amaderada.<\/span><\/li>\r\n \t<li class=\"li1\"><span class=\"s2\" style=\"color: #333333;\">Intensidad alta.<\/span><\/li>\r\n \t<li><span style=\"color: #333333;\">Contenido: 250 gr \/ 8.8 oz.<\/span><\/li>\r\n \t<li><span style=\"color: #333333;\"><strong>PREMIUM SCENT<\/strong>, aprobada por IFRA (<em>International Fragrance Association<\/em>) y RIFM <em>(Research Institute for Fragance Materials). <\/em>Las autoridades cient\u00edficas a nivel internacional para el uso y la seguridad de las fragancias.<\/span><\/li>\r\n \t<li>Handcrafted in Colombia.<\/li>\r\n<\/ul>","good_to_kwon":"<ul class=\"ul1\">\r\n \t<li><span class=\"s2\">Adecuada para espacios peque\u00f1os y medianos.<\/span><\/li>\r\n \t<li><span class=\"s2\">Ambientaci\u00f3n progresiva; el proceso alcanza el punto \u00f3ptimo al cabo de unos 45 minutos.<\/span><\/li>\r\n \t<li><span class=\"s2\">El tiempo ideal que tu vela debe estar encendida cada que la prendas es de 2 a 4 horas.<\/span><\/li>\r\n \t<li>No quemes la vela durante m\u00e1s de 4 horas seguidas.<\/li>\r\n \t<li><span class=\"s2\">Tiempo de encendido total: 45\/50 horas.<\/span><\/li>\r\n<\/ul>","consejos_de_utilizacion":"<p class=\"p1\"><span class=\"s1\">Para una experiencia excepcional de combusti\u00f3n, sigue los siguientes pasos:<\/span><\/p>\r\n1. Retira la tapa de pergamino que protege la superficie.\r\n<p class=\"p1\"><span class=\"s1\">2. Deja arder tu DLF Candle hasta que <b><i>toda la cera de la superficie <\/i><\/b><em><strong>se haya derretido<\/strong><\/em> (3 \/ 4 horas aprox).<\/span><\/p>\r\n<p class=\"p1\"><span class=\"s1\">3. Cada vez que enciendas tu vela, aseg\u00farate primero de cortar la mecha. Esto evitar\u00e1 que tu vela se ensucie y\/o ah\u00fame. <\/span><\/p>\r\n<p class=\"p1\"><span class=\"s1\">4. Vuelve a centrar correctamente la mecha despu\u00e9s de cada uso para que esta se consuma de manera homog\u00e9nea.<\/span><\/p>\r\n5. Deja que la vela se enfr\u00ede completamente y se vuela a solidificar antes de moverla.\r\n<p class=\"p1\"><span class=\"s1\">6. No dejes tu vela cerca a corrientes de aire y mantenla alejada de cortinas u otros materiales inflamables.<\/span><\/p>\r\n7. Enjoy it.\r\n<p class=\"p1\"><span style=\"font-size: 16px;\">ables.<\/span><\/p>"},"jetpack_sharing_enabled":true,"_links":{"self":[{"href":"https:\/\/delafuentebrand.com\/index.php?rest_route=\/wp\/v2\/product\/3972","targetHints":{"allow":["GET"]}}],"collection":[{"href":"https:\/\/delafuentebrand.com\/index.php?rest_route=\/wp\/v2\/product"}],"about":[{"href":"https:\/\/delafuentebrand.com\/index.php?rest_route=\/wp\/v2\/types\/product"}],"replies":[{"embeddable":true,"href":"https:\/\/delafuentebrand.com\/index.php?rest_route=%2Fwp%2Fv2%2Fcomments&post=3972"}],"version-history":[{"count":5,"href":"https:\/\/delafuentebrand.com\/index.php?rest_route=\/wp\/v2\/product\/3972\/revisions"}],"predecessor-version":[{"id":5310,"href":"https:\/\/delafuentebrand.com\/index.php?rest_route=\/wp\/v2\/product\/3972\/revisions\/5310"}],"wp:featuredmedia":[{"embeddable":true,"href":"https:\/\/delafuentebrand.com\/index.php?rest_route=\/wp\/v2\/media\/4445"}],"wp:attachment":[{"href":"https:\/\/delafuentebrand.com\/index.php?rest_route=%2Fwp%2Fv2%2Fmedia&parent=3972"}],"wp:term":[{"taxonomy":"product_cat","embeddable":true,"href":"https:\/\/delafuentebrand.com\/index.php?rest_route=%2Fwp%2Fv2%2Fproduct_cat&post=3972"},{"taxonomy":"product_tag","embeddable":true,"href":"https:\/\/delafuentebrand.com\/index.php?rest_route=%2Fwp%2Fv2%2Fproduct_tag&post=3972"}],"curies":[{"name":"wp","href":"https:\/\/api.w.org\/{rel}","templated":true}]}}