{"id":339,"date":"2021-08-20T11:32:48","date_gmt":"2021-08-20T11:32:48","guid":{"rendered":"https:\/\/delafuentebrand.com\/?product=almond-milk-lotion"},"modified":"2025-12-04T12:38:26","modified_gmt":"2025-12-04T17:38:26","slug":"almond-milk-lotion","status":"publish","type":"product","link":"https:\/\/delafuentebrand.com\/?product=almond-milk-lotion","title":{"rendered":"BESO DE SOL 70 &#8211; Personalizada."},"content":{"rendered":"","protected":false},"excerpt":{"rendered":"<p><b>RON DORADO, \u00c1MBAR Y MANDARINA SILVESTRE.<\/b><\/p>\n<p>Desde que tengo uso de raz\u00f3n, una de las cosas que m\u00e1s disfruto en la vida es sentarme en un lugar tranquilo a recibir un \u2018<i>ba\u00f1o de sol<\/i>\u2019. Esa sensaci\u00f3n maravillosa de ver c\u00f3mo los rayos de sol buscan una entrada para iluminar y embellecer todo, no tiene precio. As\u00ed que este, es un tributo a esos momentos de alegr\u00eda, frescura y (re)conexi\u00f3n.<\/p>\n<p>Es un tributo a la delicia de recibir un <b>BESO DE SOL.<\/b><\/p>\n","protected":false},"featured_media":4455,"comment_status":"open","ping_status":"closed","template":"","meta":{"_acf_changed":false,"site-sidebar-layout":"default","site-content-layout":"content-boxed-container","ast-site-content-layout":"normal-width-container","site-content-style":"boxed","site-sidebar-style":"unboxed","ast-global-header-display":"","ast-banner-title-visibility":"","ast-main-header-display":"disabled","ast-hfb-above-header-display":"","ast-hfb-below-header-display":"","ast-hfb-mobile-header-display":"disabled","site-post-title":"disabled","ast-breadcrumbs-content":"","ast-featured-img":"","footer-sml-layout":"","theme-transparent-header-meta":"default","adv-header-id-meta":"","stick-header-meta":"","header-above-stick-meta":"","header-main-stick-meta":"","header-below-stick-meta":"","astra-migrate-meta-layouts":"set","ast-page-background-enabled":"default","ast-page-background-meta":{"desktop":{"background-color":"var(--ast-global-color-4)","background-image":"","background-repeat":"repeat","background-position":"center center","background-size":"auto","background-attachment":"scroll","background-type":"","background-media":"","overlay-type":"","overlay-color":"","overlay-opacity":"","overlay-gradient":""},"tablet":{"background-color":"","background-image":"","background-repeat":"repeat","background-position":"center center","background-size":"auto","background-attachment":"scroll","background-type":"","background-media":"","overlay-type":"","overlay-color":"","overlay-opacity":"","overlay-gradient":""},"mobile":{"background-color":"","background-image":"","background-repeat":"repeat","background-position":"center center","background-size":"auto","background-attachment":"scroll","background-type":"","background-media":"","overlay-type":"","overlay-color":"","overlay-opacity":"","overlay-gradient":""}},"ast-content-background-meta":{"desktop":{"background-color":"var(--ast-global-color-5)","background-image":"","background-repeat":"repeat","background-position":"center center","background-size":"auto","background-attachment":"scroll","background-type":"","background-media":"","overlay-type":"","overlay-color":"","overlay-opacity":"","overlay-gradient":""},"tablet":{"background-color":"var(--ast-global-color-5)","background-image":"","background-repeat":"repeat","background-position":"center center","background-size":"auto","background-attachment":"scroll","background-type":"","background-media":"","overlay-type":"","overlay-color":"","overlay-opacity":"","overlay-gradient":""},"mobile":{"background-color":"var(--ast-global-color-5)","background-image":"","background-repeat":"repeat","background-position":"center center","background-size":"auto","background-attachment":"scroll","background-type":"","background-media":"","overlay-type":"","overlay-color":"","overlay-opacity":"","overlay-gradient":""}},"_joinchat":[]},"product_cat":[45,44],"product_tag":[],"class_list":{"0":"post-339","1":"product","2":"type-product","3":"status-publish","4":"has-post-thumbnail","6":"product_cat-velas-perfumadas","7":"product_cat-on-my-road","8":"desktop-align-left","9":"tablet-align-left","10":"mobile-align-left","12":"first","13":"outofstock","14":"shipping-taxable","15":"purchasable","16":"product-type-simple"},"acf":{"beneficios":"<p class=\"p1\"><span class=\"s1\">Este es el deal: aumento de alegr\u00eda, equilibrio en el estado de \u00e1nimo y reducci\u00f3n de ansiedad y estr\u00e9s.<\/span><\/p>","good_to_kwon":"<ul class=\"ul1\">\r\n \t<li class=\"li1\"><span class=\"s2\">C\u00edtrica \/ amaderada. <\/span><\/li>\r\n \t<li class=\"li1\"><span class=\"s2\">Intensidad media\/alta.<\/span><\/li>\r\n \t<li class=\"li1\"><span class=\"s2\">Adecuada para espacios peque\u00f1os y medianos. <\/span><\/li>\r\n \t<li class=\"li1\"><span class=\"s2\">Ambientaci\u00f3n progresiva; el proceso alcanza el punto \u00f3ptimo al cabo de 45 minutos.<\/span><\/li>\r\n \t<li class=\"li1\"><span class=\"s2\">El tiempo ideal que tu vela debe estar encendida cada que la enciendas es de 3 a 4 horas.<\/span><\/li>\r\n \t<li class=\"li1\"><span class=\"s2\">Tiempo de encendido total: 45\/50 horas.<\/span><\/li>\r\n<\/ul>","consejos_de_utilizacion":"<p class=\"p1\"><span class=\"s1\">1. Retira la tapa de pergamino que protege la superficie. <\/span><\/p>\r\n<p class=\"p1\"><span class=\"s1\">2. La primera vez que enciendas tu vela, d\u00e9jala arder durante 3 o 4 horas hasta que <b><i>toda la cera de la superficie <\/i><\/b>se haya derretido. <\/span><\/p>\r\n<p class=\"p1\"><span class=\"s1\">3. Cada vez que enciendas tu vela, aseg\u00farate primero de cortar la mecha. Esto evitar\u00e1 que tu vela se ensucie y\/o ah\u00fame. <\/span><\/p>\r\n<p class=\"p1\"><span class=\"s1\">4. Vuelve a centrar correctamente la mecha despu\u00e9s de cada uso para que esta se consuma de manera homog\u00e9nea. <\/span><\/p>\r\n<p class=\"p1\"><span class=\"s1\">5. No dejes tu vela cerca a corrientes de aire y mantenla alejada de cortinas u otros materiales inflamables.<\/span><\/p>"},"jetpack_sharing_enabled":true,"_links":{"self":[{"href":"https:\/\/delafuentebrand.com\/index.php?rest_route=\/wp\/v2\/product\/339","targetHints":{"allow":["GET"]}}],"collection":[{"href":"https:\/\/delafuentebrand.com\/index.php?rest_route=\/wp\/v2\/product"}],"about":[{"href":"https:\/\/delafuentebrand.com\/index.php?rest_route=\/wp\/v2\/types\/product"}],"replies":[{"embeddable":true,"href":"https:\/\/delafuentebrand.com\/index.php?rest_route=%2Fwp%2Fv2%2Fcomments&post=339"}],"version-history":[{"count":2,"href":"https:\/\/delafuentebrand.com\/index.php?rest_route=\/wp\/v2\/product\/339\/revisions"}],"predecessor-version":[{"id":4560,"href":"https:\/\/delafuentebrand.com\/index.php?rest_route=\/wp\/v2\/product\/339\/revisions\/4560"}],"wp:featuredmedia":[{"embeddable":true,"href":"https:\/\/delafuentebrand.com\/index.php?rest_route=\/wp\/v2\/media\/4455"}],"wp:attachment":[{"href":"https:\/\/delafuentebrand.com\/index.php?rest_route=%2Fwp%2Fv2%2Fmedia&parent=339"}],"wp:term":[{"taxonomy":"product_cat","embeddable":true,"href":"https:\/\/delafuentebrand.com\/index.php?rest_route=%2Fwp%2Fv2%2Fproduct_cat&post=339"},{"taxonomy":"product_tag","embeddable":true,"href":"https:\/\/delafuentebrand.com\/index.php?rest_route=%2Fwp%2Fv2%2Fproduct_tag&post=339"}],"curies":[{"name":"wp","href":"https:\/\/api.w.org\/{rel}","templated":true}]}}