{"id":2127,"date":"2023-11-02T21:18:59","date_gmt":"2023-11-03T02:18:59","guid":{"rendered":"https:\/\/delafuentebrand.com\/?post_type=product&#038;p=2127"},"modified":"2026-04-20T08:15:21","modified_gmt":"2026-04-20T13:15:21","slug":"encendedor-bota-texana","status":"publish","type":"product","link":"https:\/\/delafuentebrand.com\/?product=encendedor-bota-texana","title":{"rendered":"Texan Boot &#8211; Encendedor."},"content":{"rendered":"","protected":false},"excerpt":{"rendered":"<p><b>DLF TEXAN-BOOT <\/b>| COOL PEOPLE WEAR COWBOOTS.<\/p>\n<p>Si cada paso que das tiene el poder de encender los sue\u00f1os de tu coraz\u00f3n, mejor que sea con unas botas texanas. <i>Cool people wear cow-boots.<\/i><\/p>\n<ul>\n<li>Hecha a mano en Colombia.<\/li>\n<li>100% cer\u00e1mica.<\/li>\n<li>Incluye f\u00f3sforos.<\/li>\n<\/ul>\n","protected":false},"featured_media":2128,"comment_status":"open","ping_status":"closed","template":"","meta":{"_acf_changed":false,"site-sidebar-layout":"default","site-content-layout":"content-boxed-container","ast-site-content-layout":"normal-width-container","site-content-style":"boxed","site-sidebar-style":"unboxed","ast-global-header-display":"","ast-banner-title-visibility":"","ast-main-header-display":"disabled","ast-hfb-above-header-display":"","ast-hfb-below-header-display":"","ast-hfb-mobile-header-display":"disabled","site-post-title":"disabled","ast-breadcrumbs-content":"","ast-featured-img":"","footer-sml-layout":"","theme-transparent-header-meta":"default","adv-header-id-meta":"","stick-header-meta":"","header-above-stick-meta":"","header-main-stick-meta":"","header-below-stick-meta":"","astra-migrate-meta-layouts":"set","ast-page-background-enabled":"default","ast-page-background-meta":{"desktop":{"background-color":"var(--ast-global-color-4)","background-image":"","background-repeat":"repeat","background-position":"center center","background-size":"auto","background-attachment":"scroll","background-type":"","background-media":"","overlay-type":"","overlay-color":"","overlay-opacity":"","overlay-gradient":""},"tablet":{"background-color":"","background-image":"","background-repeat":"repeat","background-position":"center center","background-size":"auto","background-attachment":"scroll","background-type":"","background-media":"","overlay-type":"","overlay-color":"","overlay-opacity":"","overlay-gradient":""},"mobile":{"background-color":"","background-image":"","background-repeat":"repeat","background-position":"center center","background-size":"auto","background-attachment":"scroll","background-type":"","background-media":"","overlay-type":"","overlay-color":"","overlay-opacity":"","overlay-gradient":""}},"ast-content-background-meta":{"desktop":{"background-color":"var(--ast-global-color-5)","background-image":"","background-repeat":"repeat","background-position":"center center","background-size":"auto","background-attachment":"scroll","background-type":"","background-media":"","overlay-type":"","overlay-color":"","overlay-opacity":"","overlay-gradient":""},"tablet":{"background-color":"var(--ast-global-color-5)","background-image":"","background-repeat":"repeat","background-position":"center center","background-size":"auto","background-attachment":"scroll","background-type":"","background-media":"","overlay-type":"","overlay-color":"","overlay-opacity":"","overlay-gradient":""},"mobile":{"background-color":"var(--ast-global-color-5)","background-image":"","background-repeat":"repeat","background-position":"center center","background-size":"auto","background-attachment":"scroll","background-type":"","background-media":"","overlay-type":"","overlay-color":"","overlay-opacity":"","overlay-gradient":""}},"_joinchat":[]},"product_cat":[45,44],"product_tag":[],"class_list":{"0":"post-2127","1":"product","2":"type-product","3":"status-publish","4":"has-post-thumbnail","6":"product_cat-velas-perfumadas","7":"product_cat-on-my-road","8":"desktop-align-left","9":"tablet-align-left","10":"mobile-align-left","12":"first","13":"instock","14":"shipping-taxable","15":"purchasable","16":"product-type-simple"},"acf":{"beneficios":"Un encendedor en forma de bota texana que no solo prende fuego, sino que eleva tu espacio con actitud. Ideal para los amantes del dise\u00f1o y los detalles \u00fanicos.","good_to_kwon":"<strong data-start=\"214\" data-end=\"234\">1. Incluye f\u00f3sforos<\/strong> | Listos para encender tu DLF Candle al instante.\r\n\r\n<strong data-start=\"361\" data-end=\"380\">2. Tama\u00f1o perfecto<\/strong> | Lo suficientemente compacta para llevar estilo a cualquier rinc\u00f3n.\r\n\r\n<strong data-start=\"454\" data-end=\"479\">3. Recargable &amp; reusable<\/strong> | Rell\u00e9nala con f\u00f3sforos nuevos y \u00fasala siempre.\r\n\r\n<strong data-start=\"533\" data-end=\"556\">4. Pieza coleccionable<\/strong> | Edici\u00f3n limitada. Si la tienes, eres parte de la historia.","consejos_de_utilizacion":"Toma tu bota texana, saca un f\u00f3sforo y ejerciendo una <em>presi\u00f3n media<\/em>, enci\u00e9ndelo contra la franja de atr\u00e1s de tu DLF TEXAN BOOT.\r\n\r\nCon el mismo f\u00f3sforo, enciende tu DLF CANDLE, cierra los ojos, respira profundo y prep\u00e1rate para <em>visualizar, crear &amp; disfrutar tu propio camino.<\/em>"},"jetpack_sharing_enabled":true,"_links":{"self":[{"href":"https:\/\/delafuentebrand.com\/index.php?rest_route=\/wp\/v2\/product\/2127","targetHints":{"allow":["GET"]}}],"collection":[{"href":"https:\/\/delafuentebrand.com\/index.php?rest_route=\/wp\/v2\/product"}],"about":[{"href":"https:\/\/delafuentebrand.com\/index.php?rest_route=\/wp\/v2\/types\/product"}],"replies":[{"embeddable":true,"href":"https:\/\/delafuentebrand.com\/index.php?rest_route=%2Fwp%2Fv2%2Fcomments&post=2127"}],"version-history":[{"count":4,"href":"https:\/\/delafuentebrand.com\/index.php?rest_route=\/wp\/v2\/product\/2127\/revisions"}],"predecessor-version":[{"id":4948,"href":"https:\/\/delafuentebrand.com\/index.php?rest_route=\/wp\/v2\/product\/2127\/revisions\/4948"}],"wp:featuredmedia":[{"embeddable":true,"href":"https:\/\/delafuentebrand.com\/index.php?rest_route=\/wp\/v2\/media\/2128"}],"wp:attachment":[{"href":"https:\/\/delafuentebrand.com\/index.php?rest_route=%2Fwp%2Fv2%2Fmedia&parent=2127"}],"wp:term":[{"taxonomy":"product_cat","embeddable":true,"href":"https:\/\/delafuentebrand.com\/index.php?rest_route=%2Fwp%2Fv2%2Fproduct_cat&post=2127"},{"taxonomy":"product_tag","embeddable":true,"href":"https:\/\/delafuentebrand.com\/index.php?rest_route=%2Fwp%2Fv2%2Fproduct_tag&post=2127"}],"curies":[{"name":"wp","href":"https:\/\/api.w.org\/{rel}","templated":true}]}}