{"id":2574,"date":"2023-11-12T11:14:27","date_gmt":"2023-11-12T16:14:27","guid":{"rendered":"https:\/\/delafuentebrand.com\/?page_id=2574"},"modified":"2025-04-25T13:16:58","modified_gmt":"2025-04-25T18:16:58","slug":"politica-de-privacidad","status":"publish","type":"page","link":"https:\/\/delafuentebrand.com\/?page_id=2574","title":{"rendered":"Pol\u00edticas de Privacidad"},"content":{"rendered":"\t\t<div data-elementor-type=\"wp-page\" data-elementor-id=\"2574\" class=\"elementor elementor-2574\" data-elementor-post-type=\"page\">\n\t\t\t\t<section class=\"elementor-section elementor-top-section elementor-element elementor-element-4c3996d elementor-section-boxed elementor-section-height-default elementor-section-height-default\" data-id=\"4c3996d\" data-element_type=\"section\" data-settings=\"{&quot;background_background&quot;:&quot;classic&quot;}\">\n\t\t\t\t\t\t<div class=\"elementor-container elementor-column-gap-default\">\n\t\t\t\t\t<div class=\"elementor-column elementor-col-100 elementor-top-column elementor-element elementor-element-353fea4\" data-id=\"353fea4\" data-element_type=\"column\">\n\t\t\t<div class=\"elementor-widget-wrap elementor-element-populated\">\n\t\t\t\t\t\t<div class=\"elementor-element elementor-element-ba975e4 elementor-widget elementor-widget-heading\" data-id=\"ba975e4\" data-element_type=\"widget\" data-widget_type=\"heading.default\">\n\t\t\t\t<div class=\"elementor-widget-container\">\n\t\t\t\t\t<h2 class=\"elementor-heading-title elementor-size-default\">Pol\u00edticas de Privacidad<\/h2>\t\t\t\t<\/div>\n\t\t\t\t<\/div>\n\t\t\t\t<div class=\"elementor-element elementor-element-aa4d5b0 elementor-widget elementor-widget-text-editor\" data-id=\"aa4d5b0\" data-element_type=\"widget\" data-widget_type=\"text-editor.default\">\n\t\t\t\t<div class=\"elementor-widget-container\">\n\t\t\t\t\t\t\t\t\t<ol>\n<li><strong>INTRODUCCI\u00d3N.<\/strong><\/li>\n<\/ol>\n<p>Bienvenido a DE LA FUENTE BRAND. Esta Pol\u00edtica de Privacidad describe c\u00f3mo recopilamos, utilizamos y protegemos la informaci\u00f3n personal que puedas proporcionarnos a trav\u00e9s de nuestro sitio web. Al aceptar esta pol\u00edtica, aceptas, como titular de tus datos personales, el tratamiento de estos por parte de la marca, sus aliados estrat\u00e9gicos, filiales, sociedades subordinadas, matrices con la finalidad de cumplir con las funciones y obligaciones, procedentes de diversas operaciones realizadas a trav\u00e9s del comercio electr\u00f3nico o de manera presencial en los establecimientos de comercio. Acepto que mis datos personales se usar\u00e1n en cumplimiento de la relaci\u00f3n que actualmente tengo con la marca, y para los siguientes fines: comerciales, estad\u00edsticos, de mercadeo, de contacto, env\u00edo de documentaci\u00f3n, informaci\u00f3n, promociones, eventos propios de la empresa o de sus aliados o notificaciones, entre otros, salvo que manifiestes expresa o verbalmente que se eliminen, rectifiquen o supriman de la base de datos de la marca, mediante los mecanismos que en esta pol\u00edtica se establecen.<\/p>\n<p>A continuaci\u00f3n, encuentra la pol\u00edtica de tratamiento de datos personales que hemos adoptado, aplicando y cumpliendo las obligaciones de la Ley 1581 de 2012 y dem\u00e1s normas que la modifiquen.<\/p>\n<p>\u00a0<\/p>\n<ol start=\"2\">\n<li><strong> INFORMACI\u00d3N QUE RECOPILAMOS.<\/strong><\/li>\n<\/ol>\n<p><strong>2.1.<\/strong> <strong>INFORMACI\u00d3N PERSONAL:<\/strong> Como parte del proceso de compra, venta y facturaci\u00f3n, recopilamos informaci\u00f3n personal como nombre, direcci\u00f3n de correo electr\u00f3nico, n\u00famero de tel\u00e9fono, documento de identidad, direcci\u00f3n postal, y otra informaci\u00f3n que puedas proporcionar voluntariamente al interactuar con nuestro sitio web o servicios.<\/p>\n<p><strong>2.2.<\/strong> <strong>INFORMACI\u00d3N DE USO:<\/strong> Recopilamos informaci\u00f3n sobre c\u00f3mo utilizas nuestro sitio web, incluyendo las p\u00e1ginas que visitas, el tiempo que pasas en ellas y otros datos de uso.<\/p>\n<p>\u00a0<\/p>\n<ol start=\"3\">\n<li><strong>USO DE LA INFORMACI\u00d3N.<\/strong><\/li>\n<\/ol>\n<p>La recolecci\u00f3n y el tratamiento de los datos personales, como consecuencia de la navegaci\u00f3n y\/o interacci\u00f3n con la marca tiene como finalidad:<\/p>\n<p>3.1. Proporcionarte los servicios que solicitaste.<\/p>\n<p>3.2. Personalizar y mejorar tu experiencia en nuestro sitio web.<\/p>\n<p>3.3. Comunicarnos contigo para responder a tus preguntas o brindarte informaci\u00f3n relevante.<\/p>\n<p>3.4. Enviarte actualizaciones u otras comunicaciones relacionadas con nuestros servicios, solo si has dado tu consentimiento.<\/p>\n<p>3.5. El estudio cuantitativo y cualitativo de las visitas y de la utilizaci\u00f3n de los servicios por parte de los titulares.<\/p>\n<p>3.6. La adecuada gesti\u00f3n y administraci\u00f3n de los productos y\/o servicios ofrecidos en los diferentes canales de comercializaci\u00f3n, en los que el titular decida utilizar o contratar.<\/p>\n<p>\u00a0<\/p>\n<ol start=\"4\">\n<li><strong> CONSENTIMIENTO<\/strong><\/li>\n<\/ol>\n<p>\u00bfC\u00f3mo obtener mi consentimiento?<\/p>\n<p>Cuando nos proveen informaci\u00f3n personal para completar una transacci\u00f3n, verificar la tarjeta de cr\u00e9dito, crear una orden, concertar un env\u00edo o hacer una devoluci\u00f3n, implicamos que aceptas la recolecci\u00f3n y uso de datos \u00fanicamente en estas circunstancias. Si se solicita informaci\u00f3n personal por una raz\u00f3n secundaria, como marketing, se te pedir\u00e1 directamente un consentimiento expreso, donde adem\u00e1s est\u00e1 la opci\u00f3n de negarse.<\/p>\n<p>\u00a0<\/p>\n<ol start=\"5\">\n<li><strong> DIVULGACI\u00d3N.<\/strong><\/li>\n<\/ol>\n<p>Estamos autorizados a divulgar la informaci\u00f3n personal del usuario si es requerido por la ley o si este viola nuestros T\u00e9rminos y Condiciones de Servicio.<\/p>\n<p>\u00a0<\/p>\n<ol start=\"6\">\n<li><strong> COOKIES<\/strong><\/li>\n<\/ol>\n<p>Nuestro sitio web utiliza cookies para diferenciarte a ti de otros usuarios de nuestro sitio web. Esto nos ayuda a proporcionarte una buena experiencia cuando navegas por nuestro sitio y tambi\u00e9n nos permite mejorar nuestra web.<\/p>\n<p>\u00a0<\/p>\n<ol start=\"7\">\n<li><strong> CAMBIOS EN ESTA POL\u00cdTICA DE PRIVACIDAD<\/strong><\/li>\n<\/ol>\n<p>Nos reservamos el derecho de modificar esta pol\u00edtica de privacidad en cualquier momento, por tanto, es deber del usuario revisar frecuentemente. Cambios y aclaraciones entrar\u00e1n en vigencia inmediatamente despu\u00e9s de su publicaci\u00f3n en el sitio web.\u00a0<\/p>\n<p><!-- \/wp:paragraph --><!-- wp:paragraph --><\/p>\n<p>\u00a0<\/p>\t\t\t\t\t\t\t\t<\/div>\n\t\t\t\t<\/div>\n\t\t\t\t\t<\/div>\n\t\t<\/div>\n\t\t\t\t\t<\/div>\n\t\t<\/section>\t\t<\/div>\n\t\t","protected":false},"excerpt":{"rendered":"<p>Pol\u00edticas de Privacidad INTRODUCCI\u00d3N. Bienvenido a DE LA FUENTE BRAND. Esta Pol\u00edtica de Privacidad describe c\u00f3mo recopilamos, utilizamos y protegemos la informaci\u00f3n personal que puedas proporcionarnos a trav\u00e9s de nuestro sitio web. Al aceptar esta pol\u00edtica, aceptas, como titular de tus datos personales, el tratamiento de estos por parte de la marca, sus aliados estrat\u00e9gicos, [&hellip;]<\/p>\n","protected":false},"author":1,"featured_media":0,"parent":0,"menu_order":0,"comment_status":"closed","ping_status":"closed","template":"","meta":{"_acf_changed":false,"site-sidebar-layout":"no-sidebar","site-content-layout":"page-builder","ast-site-content-layout":"full-width-container","site-content-style":"default","site-sidebar-style":"default","ast-global-header-display":"","ast-banner-title-visibility":"","ast-main-header-display":"","ast-hfb-above-header-display":"","ast-hfb-below-header-display":"","ast-hfb-mobile-header-display":"","site-post-title":"disabled","ast-breadcrumbs-content":"","ast-featured-img":"disabled","footer-sml-layout":"","theme-transparent-header-meta":"","adv-header-id-meta":"","stick-header-meta":"","header-above-stick-meta":"","header-main-stick-meta":"","header-below-stick-meta":"","astra-migrate-meta-layouts":"set","ast-page-background-enabled":"default","ast-page-background-meta":{"desktop":{"background-color":"var(--ast-global-color-4)","background-image":"","background-repeat":"repeat","background-position":"center center","background-size":"auto","background-attachment":"scroll","background-type":"","background-media":"","overlay-type":"","overlay-color":"","overlay-opacity":"","overlay-gradient":""},"tablet":{"background-color":"","background-image":"","background-repeat":"repeat","background-position":"center center","background-size":"auto","background-attachment":"scroll","background-type":"","background-media":"","overlay-type":"","overlay-color":"","overlay-opacity":"","overlay-gradient":""},"mobile":{"background-color":"","background-image":"","background-repeat":"repeat","background-position":"center center","background-size":"auto","background-attachment":"scroll","background-type":"","background-media":"","overlay-type":"","overlay-color":"","overlay-opacity":"","overlay-gradient":""}},"ast-content-background-meta":{"desktop":{"background-color":"var(--ast-global-color-5)","background-image":"","background-repeat":"repeat","background-position":"center center","background-size":"auto","background-attachment":"scroll","background-type":"","background-media":"","overlay-type":"","overlay-color":"","overlay-opacity":"","overlay-gradient":""},"tablet":{"background-color":"var(--ast-global-color-5)","background-image":"","background-repeat":"repeat","background-position":"center center","background-size":"auto","background-attachment":"scroll","background-type":"","background-media":"","overlay-type":"","overlay-color":"","overlay-opacity":"","overlay-gradient":""},"mobile":{"background-color":"var(--ast-global-color-5)","background-image":"","background-repeat":"repeat","background-position":"center center","background-size":"auto","background-attachment":"scroll","background-type":"","background-media":"","overlay-type":"","overlay-color":"","overlay-opacity":"","overlay-gradient":""}},"_joinchat":[],"footnotes":""},"class_list":["post-2574","page","type-page","status-publish","hentry"],"acf":[],"jetpack_sharing_enabled":true,"_links":{"self":[{"href":"https:\/\/delafuentebrand.com\/index.php?rest_route=\/wp\/v2\/pages\/2574","targetHints":{"allow":["GET"]}}],"collection":[{"href":"https:\/\/delafuentebrand.com\/index.php?rest_route=\/wp\/v2\/pages"}],"about":[{"href":"https:\/\/delafuentebrand.com\/index.php?rest_route=\/wp\/v2\/types\/page"}],"author":[{"embeddable":true,"href":"https:\/\/delafuentebrand.com\/index.php?rest_route=\/wp\/v2\/users\/1"}],"replies":[{"embeddable":true,"href":"https:\/\/delafuentebrand.com\/index.php?rest_route=%2Fwp%2Fv2%2Fcomments&post=2574"}],"version-history":[{"count":14,"href":"https:\/\/delafuentebrand.com\/index.php?rest_route=\/wp\/v2\/pages\/2574\/revisions"}],"predecessor-version":[{"id":5029,"href":"https:\/\/delafuentebrand.com\/index.php?rest_route=\/wp\/v2\/pages\/2574\/revisions\/5029"}],"wp:attachment":[{"href":"https:\/\/delafuentebrand.com\/index.php?rest_route=%2Fwp%2Fv2%2Fmedia&parent=2574"}],"curies":[{"name":"wp","href":"https:\/\/api.w.org\/{rel}","templated":true}]}}